{"id":999,"date":"2024-05-28T09:10:18","date_gmt":"2024-05-28T09:10:18","guid":{"rendered":"https:\/\/sklep.bangla-deshi.eu\/?post_type=product&#038;p=999"},"modified":"2024-07-25T07:34:52","modified_gmt":"2024-07-25T07:34:52","slug":"taro-arbi","status":"publish","type":"product","link":"https:\/\/sklep.bangla-deshi.eu\/en\/product\/taro-arbi\/","title":{"rendered":"Taro -Arbi- korze\u0144"},"content":{"rendered":"<p>Taro okre\u015blane jest te\u017c jako kolokazja jadalna. Jest to jadalna bulwa wystepuj\u0105co zasadniczo w dw\u00f3ch wariantach: ma\u0142a bulwa (w j\u0119zyku angielskim okre\u015blana jako eddo lub dasheen) lub du\u017ca bulwa z br\u0105zow\u0105 sk\u00f3rk\u0105.<\/p>\n<p>Mi\u0105\u017csz taro jest bia\u0142y z niewielkimi fioletowymi plamkami. Smak taro nale\u017ca\u0142oby okresli\u0107 jako delikatny, z nut\u0105 orzechow\u0105, por\u00f3wnywaln\u0105 z kasztanami wodnymi z m\u0105cznym posmakiem. Kolokazja jadalna stanowi alternatyw\u0119 dla ziemniak\u00f3w: cechuje si\u0119 dobr\u0105 absorpcj\u0105 p\u0142yn\u00f3w, \u015bwietnie sprawdza si\u0119 w gulaszach. Co bardzo wa\u017cne, taro nale\u017cy spo\u017cywa\u0107 ugotowane, poniewa\u017c pod jego sk\u00f3rk\u0105 wyst\u0119puj\u0105 toksyny, kt\u00f3re s\u0105 eliminowane podczas gotowania (mo\u017cna spo\u017cywa\u0107 w &#8222;mundurkach&#8221;).<\/p>\n<p>Warto\u015bci od\u017cywcze: witamina B6, witamina C, potas, \u017celazo.<\/p>\n<figure id=\"attachment_1000\" aria-describedby=\"caption-attachment-1000\" style=\"width: 400px\" class=\"wp-caption alignnone\"><img fetchpriority=\"high\" decoding=\"async\" class=\"size-medium wp-image-1000\" src=\"https:\/\/sklep.bangla-deshi.eu\/wp-content\/uploads\/2024\/05\/taro-400x400.webp\" alt=\"taro\" width=\"400\" height=\"400\" srcset=\"https:\/\/sklep.bangla-deshi.eu\/wp-content\/uploads\/2024\/05\/taro-400x400.webp 400w, https:\/\/sklep.bangla-deshi.eu\/wp-content\/uploads\/2024\/05\/taro-800x800.webp 800w, https:\/\/sklep.bangla-deshi.eu\/wp-content\/uploads\/2024\/05\/taro-280x280.webp 280w, https:\/\/sklep.bangla-deshi.eu\/wp-content\/uploads\/2024\/05\/taro-768x768.webp 768w, https:\/\/sklep.bangla-deshi.eu\/wp-content\/uploads\/2024\/05\/taro-12x12.webp 12w, https:\/\/sklep.bangla-deshi.eu\/wp-content\/uploads\/2024\/05\/taro-300x300.webp 300w, https:\/\/sklep.bangla-deshi.eu\/wp-content\/uploads\/2024\/05\/taro-600x600.webp 600w, https:\/\/sklep.bangla-deshi.eu\/wp-content\/uploads\/2024\/05\/taro-100x100.webp 100w, https:\/\/sklep.bangla-deshi.eu\/wp-content\/uploads\/2024\/05\/taro.webp 1000w\" sizes=\"(max-width: 400px) 100vw, 400px\" \/><figcaption id=\"caption-attachment-1000\" class=\"wp-caption-text\">taro<\/figcaption><\/figure>","protected":false},"excerpt":{"rendered":"<p>Taro okre\u015blane jest te\u017c jako kolokazja jadalna. Jest to jadalna bulwa wystepuj\u0105co zasadniczo w dw\u00f3ch wariantach: ma\u0142a bulwa (w j\u0119zyku angielskim okre\u015blana jako eddo lub dasheen) lub du\u017ca bulwa z br\u0105zow\u0105 sk\u00f3rk\u0105. Mi\u0105\u017csz taro jest bia\u0142y z niewielkimi fioletowymi plamkami. Smak taro nale\u017ca\u0142oby okresli\u0107 jako delikatny, z nut\u0105 orzechow\u0105, por\u00f3wnywaln\u0105 z kasztanami wodnymi z m\u0105cznym [&#8230;]","protected":false},"featured_media":1000,"comment_status":"open","ping_status":"closed","template":"","meta":[],"product_cat":[189],"product_tag":[250,196,253,252,194,254,249],"_links":{"self":[{"href":"https:\/\/sklep.bangla-deshi.eu\/en\/wp-json\/wp\/v2\/product\/999"}],"collection":[{"href":"https:\/\/sklep.bangla-deshi.eu\/en\/wp-json\/wp\/v2\/product"}],"about":[{"href":"https:\/\/sklep.bangla-deshi.eu\/en\/wp-json\/wp\/v2\/types\/product"}],"replies":[{"embeddable":true,"href":"https:\/\/sklep.bangla-deshi.eu\/en\/wp-json\/wp\/v2\/comments?post=999"}],"wp:featuredmedia":[{"embeddable":true,"href":"https:\/\/sklep.bangla-deshi.eu\/en\/wp-json\/wp\/v2\/media\/1000"}],"wp:attachment":[{"href":"https:\/\/sklep.bangla-deshi.eu\/en\/wp-json\/wp\/v2\/media?parent=999"}],"wp:term":[{"taxonomy":"product_cat","embeddable":true,"href":"https:\/\/sklep.bangla-deshi.eu\/en\/wp-json\/wp\/v2\/product_cat?post=999"},{"taxonomy":"product_tag","embeddable":true,"href":"https:\/\/sklep.bangla-deshi.eu\/en\/wp-json\/wp\/v2\/product_tag?post=999"}],"curies":[{"name":"wp","href":"https:\/\/api.w.org\/{rel}","templated":true}]}}