{"id":866,"date":"2024-05-05T11:34:17","date_gmt":"2024-05-05T11:34:17","guid":{"rendered":"https:\/\/sklep.bangla-deshi.eu\/?post_type=product&#038;p=866"},"modified":"2024-05-05T11:34:17","modified_gmt":"2024-05-05T11:34:17","slug":"radhuni-firni-mix-150g","status":"publish","type":"product","link":"https:\/\/sklep.bangla-deshi.eu\/en\/product\/radhuni-firni-mix-150g\/","title":{"rendered":"Radhuni &#8211; Firni Mix &#8211; 150g"},"content":{"rendered":"<p>Radhuni to flagowa marka Square Food &amp; Beverage Limited. Od 2001 roku Radhuni sta\u0142o si\u0119 powszechnie znan\u0105 mark\u0105 produkuj\u0105c\u0105 przyprawy w proszku, olej jadalny, zbo\u017ca i ro\u015bliny str\u0105czkowe, a tak\u017ce niekt\u00f3re produkty mleczne. Przyprawy w proszku RADHUNI wykonane s\u0105 z wyselekcjonowanych najlepszych sk\u0142adnik\u00f3w. Dzi\u0119ki nowoczesnej technologii mielenia wszystkie lotne olejki eteryczne przypraw pozostaj\u0105 nienaruszone. Przyprawy w proszku Radhuni zapewniaj\u0105 smak i aromat domowych przypraw i mo\u017cna je wykorzysta\u0107 do przygotowania dowolnych potraw.<\/p>\n<p>Mieszanka bengalskich przypraw idealnie nadaj\u0105ca si\u0119 do potraw typu: bengalskie\/indyjskie<\/p>\n<figure id=\"attachment_867\" aria-describedby=\"caption-attachment-867\" style=\"width: 300px\" class=\"wp-caption alignnone\"><img fetchpriority=\"high\" decoding=\"async\" class=\"size-medium wp-image-867\" src=\"https:\/\/sklep.bangla-deshi.eu\/wp-content\/uploads\/2024\/05\/whatsapp-image-2024-05-05-at-13-29-44-3-300x400.webp\" alt=\"WhatsApp Image 2024-05-05 at 13.29.44 (3)\" width=\"300\" height=\"400\" srcset=\"https:\/\/sklep.bangla-deshi.eu\/wp-content\/uploads\/2024\/05\/whatsapp-image-2024-05-05-at-13-29-44-3-300x400.webp 300w, https:\/\/sklep.bangla-deshi.eu\/wp-content\/uploads\/2024\/05\/whatsapp-image-2024-05-05-at-13-29-44-3-600x800.webp 600w, https:\/\/sklep.bangla-deshi.eu\/wp-content\/uploads\/2024\/05\/whatsapp-image-2024-05-05-at-13-29-44-3-768x1024.webp 768w, https:\/\/sklep.bangla-deshi.eu\/wp-content\/uploads\/2024\/05\/whatsapp-image-2024-05-05-at-13-29-44-3-1152x1536.webp 1152w, https:\/\/sklep.bangla-deshi.eu\/wp-content\/uploads\/2024\/05\/whatsapp-image-2024-05-05-at-13-29-44-3-9x12.webp 9w, https:\/\/sklep.bangla-deshi.eu\/wp-content\/uploads\/2024\/05\/whatsapp-image-2024-05-05-at-13-29-44-3.webp 1200w\" sizes=\"(max-width: 300px) 100vw, 300px\" \/><figcaption id=\"caption-attachment-867\" class=\"wp-caption-text\">WhatsApp Image 2024-05-05 at 13.29.44 (3)<\/figcaption><\/figure>\n<p>desery<\/p>","protected":false},"excerpt":{"rendered":"<p>Radhuni to flagowa marka Square Food &amp; Beverage Limited. Od 2001 roku Radhuni sta\u0142o si\u0119 powszechnie znan\u0105 mark\u0105 produkuj\u0105c\u0105 przyprawy w proszku, olej jadalny, zbo\u017ca i ro\u015bliny str\u0105czkowe, a tak\u017ce niekt\u00f3re produkty mleczne. Przyprawy w proszku RADHUNI wykonane s\u0105 z wyselekcjonowanych najlepszych sk\u0142adnik\u00f3w. Dzi\u0119ki nowoczesnej technologii mielenia wszystkie lotne olejki eteryczne przypraw pozostaj\u0105 nienaruszone. Przyprawy [&#8230;]","protected":false},"featured_media":867,"comment_status":"open","ping_status":"closed","template":"","meta":[],"product_cat":[80,82],"product_tag":[196,198,197],"_links":{"self":[{"href":"https:\/\/sklep.bangla-deshi.eu\/en\/wp-json\/wp\/v2\/product\/866"}],"collection":[{"href":"https:\/\/sklep.bangla-deshi.eu\/en\/wp-json\/wp\/v2\/product"}],"about":[{"href":"https:\/\/sklep.bangla-deshi.eu\/en\/wp-json\/wp\/v2\/types\/product"}],"replies":[{"embeddable":true,"href":"https:\/\/sklep.bangla-deshi.eu\/en\/wp-json\/wp\/v2\/comments?post=866"}],"wp:featuredmedia":[{"embeddable":true,"href":"https:\/\/sklep.bangla-deshi.eu\/en\/wp-json\/wp\/v2\/media\/867"}],"wp:attachment":[{"href":"https:\/\/sklep.bangla-deshi.eu\/en\/wp-json\/wp\/v2\/media?parent=866"}],"wp:term":[{"taxonomy":"product_cat","embeddable":true,"href":"https:\/\/sklep.bangla-deshi.eu\/en\/wp-json\/wp\/v2\/product_cat?post=866"},{"taxonomy":"product_tag","embeddable":true,"href":"https:\/\/sklep.bangla-deshi.eu\/en\/wp-json\/wp\/v2\/product_tag?post=866"}],"curies":[{"name":"wp","href":"https:\/\/api.w.org\/{rel}","templated":true}]}}