{"id":846,"date":"2024-05-05T10:38:36","date_gmt":"2024-05-05T10:38:36","guid":{"rendered":"https:\/\/sklep.bangla-deshi.eu\/?post_type=product&#038;p=846"},"modified":"2024-05-20T07:42:42","modified_gmt":"2024-05-20T07:42:42","slug":"radhuni-roast-masala-35g","status":"publish","type":"product","link":"https:\/\/sklep.bangla-deshi.eu\/en\/product\/radhuni-roast-masala-35g\/","title":{"rendered":"RADHUNI &#8211; ROAST MASALA 35g"},"content":{"rendered":"<p>Radhuni to flagowa marka Square Food &amp; Beverage Limited. Od 2001 roku Radhuni sta\u0142o si\u0119 powszechnie znan\u0105 mark\u0105 produkuj\u0105c\u0105 przyprawy w proszku, olej jadalny, zbo\u017ca i ro\u015bliny str\u0105czkowe, a tak\u017ce niekt\u00f3re produkty mleczne. Przyprawy w proszku RADHUNI wykonane s\u0105 z wyselekcjonowanych najlepszych sk\u0142adnik\u00f3w. Dzi\u0119ki nowoczesnej technologii mielenia wszystkie lotne olejki eteryczne przypraw pozostaj\u0105 nienaruszone. Przyprawy w proszku Radhuni zapewniaj\u0105 smak i aromat domowych przypraw i mo\u017cna je wykorzysta\u0107 do przygotowania dowolnych potraw<\/p>\n<figure id=\"attachment_847\" aria-describedby=\"caption-attachment-847\" style=\"width: 300px\" class=\"wp-caption alignnone\"><img fetchpriority=\"high\" decoding=\"async\" class=\"size-medium wp-image-847\" src=\"https:\/\/sklep.bangla-deshi.eu\/wp-content\/uploads\/2024\/05\/whatsapp-image-2024-05-05-at-12-31-05-300x400.webp\" alt=\"WhatsApp Image 2024-05-05 at 12.31.05\" width=\"300\" height=\"400\" srcset=\"https:\/\/sklep.bangla-deshi.eu\/wp-content\/uploads\/2024\/05\/whatsapp-image-2024-05-05-at-12-31-05-300x400.webp 300w, https:\/\/sklep.bangla-deshi.eu\/wp-content\/uploads\/2024\/05\/whatsapp-image-2024-05-05-at-12-31-05-600x800.webp 600w, https:\/\/sklep.bangla-deshi.eu\/wp-content\/uploads\/2024\/05\/whatsapp-image-2024-05-05-at-12-31-05-768x1024.webp 768w, https:\/\/sklep.bangla-deshi.eu\/wp-content\/uploads\/2024\/05\/whatsapp-image-2024-05-05-at-12-31-05-1152x1536.webp 1152w, https:\/\/sklep.bangla-deshi.eu\/wp-content\/uploads\/2024\/05\/whatsapp-image-2024-05-05-at-12-31-05-9x12.webp 9w, https:\/\/sklep.bangla-deshi.eu\/wp-content\/uploads\/2024\/05\/whatsapp-image-2024-05-05-at-12-31-05.webp 1200w\" sizes=\"(max-width: 300px) 100vw, 300px\" \/><figcaption id=\"caption-attachment-847\" class=\"wp-caption-text\">WhatsApp Image 2024-05-05 at 12.31.05<\/figcaption><\/figure>\n<figure id=\"attachment_848\" aria-describedby=\"caption-attachment-848\" style=\"width: 300px\" class=\"wp-caption alignnone\"><img decoding=\"async\" class=\"size-medium wp-image-848\" src=\"https:\/\/sklep.bangla-deshi.eu\/wp-content\/uploads\/2024\/05\/whatsapp-image-2024-05-05-at-12-31-04-1-300x400.webp\" alt=\"WhatsApp Image 2024-05-05 at 12.31.04 (1)\" width=\"300\" height=\"400\" srcset=\"https:\/\/sklep.bangla-deshi.eu\/wp-content\/uploads\/2024\/05\/whatsapp-image-2024-05-05-at-12-31-04-1-300x400.webp 300w, https:\/\/sklep.bangla-deshi.eu\/wp-content\/uploads\/2024\/05\/whatsapp-image-2024-05-05-at-12-31-04-1-600x800.webp 600w, https:\/\/sklep.bangla-deshi.eu\/wp-content\/uploads\/2024\/05\/whatsapp-image-2024-05-05-at-12-31-04-1-768x1024.webp 768w, https:\/\/sklep.bangla-deshi.eu\/wp-content\/uploads\/2024\/05\/whatsapp-image-2024-05-05-at-12-31-04-1-1152x1536.webp 1152w, https:\/\/sklep.bangla-deshi.eu\/wp-content\/uploads\/2024\/05\/whatsapp-image-2024-05-05-at-12-31-04-1-9x12.webp 9w, https:\/\/sklep.bangla-deshi.eu\/wp-content\/uploads\/2024\/05\/whatsapp-image-2024-05-05-at-12-31-04-1.webp 1200w\" sizes=\"(max-width: 300px) 100vw, 300px\" \/><figcaption id=\"caption-attachment-848\" class=\"wp-caption-text\">WhatsApp Image 2024-05-05 at 12.31.04 (1)<\/figcaption><\/figure>\n<p>&nbsp;<\/p>\n<p>&nbsp;<\/p>","protected":false},"excerpt":{"rendered":"<p>Radhuni to flagowa marka Square Food &amp; Beverage Limited. Od 2001 roku Radhuni sta\u0142o si\u0119 powszechnie znan\u0105 mark\u0105 produkuj\u0105c\u0105 przyprawy w proszku, olej jadalny, zbo\u017ca i ro\u015bliny str\u0105czkowe, a tak\u017ce niekt\u00f3re produkty mleczne. Przyprawy w proszku RADHUNI wykonane s\u0105 z wyselekcjonowanych najlepszych sk\u0142adnik\u00f3w. Dzi\u0119ki nowoczesnej technologii mielenia wszystkie lotne olejki eteryczne przypraw pozostaj\u0105 nienaruszone. Przyprawy [&#8230;]","protected":false},"featured_media":848,"comment_status":"open","ping_status":"closed","template":"","meta":[],"product_cat":[80,82],"product_tag":[],"_links":{"self":[{"href":"https:\/\/sklep.bangla-deshi.eu\/en\/wp-json\/wp\/v2\/product\/846"}],"collection":[{"href":"https:\/\/sklep.bangla-deshi.eu\/en\/wp-json\/wp\/v2\/product"}],"about":[{"href":"https:\/\/sklep.bangla-deshi.eu\/en\/wp-json\/wp\/v2\/types\/product"}],"replies":[{"embeddable":true,"href":"https:\/\/sklep.bangla-deshi.eu\/en\/wp-json\/wp\/v2\/comments?post=846"}],"wp:featuredmedia":[{"embeddable":true,"href":"https:\/\/sklep.bangla-deshi.eu\/en\/wp-json\/wp\/v2\/media\/848"}],"wp:attachment":[{"href":"https:\/\/sklep.bangla-deshi.eu\/en\/wp-json\/wp\/v2\/media?parent=846"}],"wp:term":[{"taxonomy":"product_cat","embeddable":true,"href":"https:\/\/sklep.bangla-deshi.eu\/en\/wp-json\/wp\/v2\/product_cat?post=846"},{"taxonomy":"product_tag","embeddable":true,"href":"https:\/\/sklep.bangla-deshi.eu\/en\/wp-json\/wp\/v2\/product_tag?post=846"}],"curies":[{"name":"wp","href":"https:\/\/api.w.org\/{rel}","templated":true}]}}