{"id":819,"date":"2024-05-05T08:32:16","date_gmt":"2024-05-05T08:32:16","guid":{"rendered":"https:\/\/sklep.bangla-deshi.eu\/?post_type=product&#038;p=819"},"modified":"2024-07-25T07:37:27","modified_gmt":"2024-07-25T07:37:27","slug":"lauki-tykwa-butelkowa-500g","status":"publish","type":"product","link":"https:\/\/sklep.bangla-deshi.eu\/en\/product\/lauki-tykwa-butelkowa-500g\/","title":{"rendered":"KADU \/ tykwa butelkowa"},"content":{"rendered":"<p><b>Lauki \/ Tykwa butelkowa<\/b><\/p>\n<figure id=\"attachment_820\" aria-describedby=\"caption-attachment-820\" style=\"width: 280px\" class=\"wp-caption alignnone\"><img fetchpriority=\"high\" decoding=\"async\" class=\"size-medium wp-image-820\" src=\"https:\/\/sklep.bangla-deshi.eu\/wp-content\/uploads\/2024\/05\/tykwa-butelkowa-280x400.webp\" alt=\"tykwa butelkowa\" width=\"280\" height=\"400\" srcset=\"https:\/\/sklep.bangla-deshi.eu\/wp-content\/uploads\/2024\/05\/tykwa-butelkowa-280x400.webp 280w, https:\/\/sklep.bangla-deshi.eu\/wp-content\/uploads\/2024\/05\/tykwa-butelkowa-560x800.webp 560w, https:\/\/sklep.bangla-deshi.eu\/wp-content\/uploads\/2024\/05\/tykwa-butelkowa-768x1097.webp 768w, https:\/\/sklep.bangla-deshi.eu\/wp-content\/uploads\/2024\/05\/tykwa-butelkowa-1075x1536.webp 1075w, https:\/\/sklep.bangla-deshi.eu\/wp-content\/uploads\/2024\/05\/tykwa-butelkowa-8x12.webp 8w, https:\/\/sklep.bangla-deshi.eu\/wp-content\/uploads\/2024\/05\/tykwa-butelkowa-600x857.webp 600w, https:\/\/sklep.bangla-deshi.eu\/wp-content\/uploads\/2024\/05\/tykwa-butelkowa.webp 1400w\" sizes=\"(max-width: 280px) 100vw, 280px\" \/><figcaption id=\"caption-attachment-820\" class=\"wp-caption-text\">tykwa butelkowa<\/figcaption><\/figure>\n<p><b>Zawiera m.<\/b>\u00a0<b>in.<\/b>\u00a0<b>magnez, cynk, fosfor, jod, potas, wap\u0144, \u017celazo, leucyn, lizyn\u0119, saponiny, arginin\u0119, a tak\u017ce witaminy B1, B2 i B6<\/b>.<\/p>","protected":false},"excerpt":{"rendered":"<p>Lauki \/ Tykwa butelkowa Zawiera m.\u00a0in.\u00a0magnez, cynk, fosfor, jod, potas, wap\u0144, \u017celazo, leucyn, lizyn\u0119, saponiny, arginin\u0119, a tak\u017ce witaminy B1, B2 i B6.<\/p>","protected":false},"featured_media":820,"comment_status":"open","ping_status":"closed","template":"","meta":[],"product_cat":[189],"product_tag":[250,199,236,253,252,255,194,256,198,234],"_links":{"self":[{"href":"https:\/\/sklep.bangla-deshi.eu\/en\/wp-json\/wp\/v2\/product\/819"}],"collection":[{"href":"https:\/\/sklep.bangla-deshi.eu\/en\/wp-json\/wp\/v2\/product"}],"about":[{"href":"https:\/\/sklep.bangla-deshi.eu\/en\/wp-json\/wp\/v2\/types\/product"}],"replies":[{"embeddable":true,"href":"https:\/\/sklep.bangla-deshi.eu\/en\/wp-json\/wp\/v2\/comments?post=819"}],"wp:featuredmedia":[{"embeddable":true,"href":"https:\/\/sklep.bangla-deshi.eu\/en\/wp-json\/wp\/v2\/media\/820"}],"wp:attachment":[{"href":"https:\/\/sklep.bangla-deshi.eu\/en\/wp-json\/wp\/v2\/media?parent=819"}],"wp:term":[{"taxonomy":"product_cat","embeddable":true,"href":"https:\/\/sklep.bangla-deshi.eu\/en\/wp-json\/wp\/v2\/product_cat?post=819"},{"taxonomy":"product_tag","embeddable":true,"href":"https:\/\/sklep.bangla-deshi.eu\/en\/wp-json\/wp\/v2\/product_tag?post=819"}],"curies":[{"name":"wp","href":"https:\/\/api.w.org\/{rel}","templated":true}]}}