{"id":817,"date":"2024-05-05T08:17:35","date_gmt":"2024-05-05T08:17:35","guid":{"rendered":"https:\/\/sklep.bangla-deshi.eu\/?post_type=product&#038;p=817"},"modified":"2024-09-12T18:18:52","modified_gmt":"2024-09-12T18:18:52","slug":"kolendra-swieza-peczek-ok-100g","status":"publish","type":"product","link":"https:\/\/sklep.bangla-deshi.eu\/en\/product\/kolendra-swieza-peczek-ok-100g\/","title":{"rendered":"Fresh coriander-bunch (approx. 100g)"},"content":{"rendered":"<p><strong>Kolendra bogata jest w witamin\u0119 C, witamin\u0119 A, ryboflawin\u0119, fosfor, wap\u0144, \u017celazo, s\u00f3d, karoten, kwas szczawiowy i potas. Jej li\u015bcie maj\u0105 \u0142agodny pieprzny smak.<\/strong><\/p>\n<ul>\n<li><strong>utarta, w po\u0142\u0105czeniu z olejem lniany, stanowi doskona\u0142y,\u00a0leczniczy opatrunek na oparzenia, bol\u0105ce stawy oraz wykwity\u00a0(mo\u017cna te\u017c przygotowa\u0107 past\u0119 z li\u015bci);<\/strong><\/li>\n<li><strong><strong>olejek przygotowywany z delikatnych li\u015bci tego zio\u0142a wyr\u00f3\u017cnia si\u0119\u00a0l w\u0142a\u015bciwo\u015bciami przeciwb\u00f3lowymi oraz przeciwzapalnymi<\/strong><\/strong>\n<figure id=\"attachment_818\" aria-describedby=\"caption-attachment-818\" style=\"width: 280px\" class=\"wp-caption alignnone\"><img fetchpriority=\"high\" decoding=\"async\" class=\"size-medium wp-image-818\" src=\"https:\/\/sklep.bangla-deshi.eu\/wp-content\/uploads\/2024\/05\/kolendra-280x400.webp\" alt=\"kolendra\" width=\"280\" height=\"400\" srcset=\"https:\/\/sklep.bangla-deshi.eu\/wp-content\/uploads\/2024\/05\/kolendra-280x400.webp 280w, https:\/\/sklep.bangla-deshi.eu\/wp-content\/uploads\/2024\/05\/kolendra-560x800.webp 560w, https:\/\/sklep.bangla-deshi.eu\/wp-content\/uploads\/2024\/05\/kolendra-768x1097.webp 768w, https:\/\/sklep.bangla-deshi.eu\/wp-content\/uploads\/2024\/05\/kolendra-1075x1536.webp 1075w, https:\/\/sklep.bangla-deshi.eu\/wp-content\/uploads\/2024\/05\/kolendra-8x12.webp 8w, https:\/\/sklep.bangla-deshi.eu\/wp-content\/uploads\/2024\/05\/kolendra-600x857.webp 600w, https:\/\/sklep.bangla-deshi.eu\/wp-content\/uploads\/2024\/05\/kolendra.webp 1400w\" sizes=\"(max-width: 280px) 100vw, 280px\" \/><figcaption id=\"caption-attachment-818\" class=\"wp-caption-text\">kolendra<\/figcaption><\/figure>\n<p><strong>;<\/strong><\/li>\n<li><strong>chlorofil, obecny m.in. w li\u015bciach, wp\u0142ywa nie tylko na intensywny, zielony kolor zio\u0142a, ale r\u00f3wnie\u017c na w\u0142a\u015bciwo\u015bci oczyszczaj\u0105ce zio\u0142a \u2013 mo\u017cna wi\u0119c \u015bwie\u017c\u0105 kolendr\u0119 zastosowa\u0107 jako od\u017cywk\u0119 lub te\u017c wsparcie dla r\u00f3\u017cnych organ\u00f3w (w\u0105troby, \u017co\u0142\u0105dku) i uk\u0142ad\u00f3w (oddechowego, trawiennego).<\/strong><\/li>\n<\/ul>\n<p><strong>Bardzo popularna z uwagi na w\u0142a\u015bciwo\u015bci przeciwzapalne, i znana z jej zdolno\u015bci leczenia d\u0142ugiej listy schorze\u0144 takich jak: ospa, biegunka, owrzodzenia jamy ustnej, niestrawno\u015b\u0107, zaburzenia miesi\u0105czkowania, zatrucie pokarmowe, zapalenie spoj\u00f3wek, choroby sk\u00f3ry, zaburzenia poziomu cukru we krwi, problemy z oczami, osteoporoza, zapalenie staw\u00f3w, niedokrwisto\u015b\u0107, reumatyzm, b\u00f3le g\u0142owy, bezsenno\u015b\u0107, b\u00f3le mi\u0119\u015bni i og\u00f3lna sztywno\u015b\u0107.<\/strong><\/p>","protected":false},"excerpt":{"rendered":"<p>Kolendra bogata jest w witamin\u0119 C, witamin\u0119 A, ryboflawin\u0119, fosfor, wap\u0144, \u017celazo, s\u00f3d, karoten, kwas szczawiowy i potas. Jej li\u015bcie maj\u0105 \u0142agodny pieprzny smak. utarta, w po\u0142\u0105czeniu z olejem lniany, stanowi doskona\u0142y,\u00a0leczniczy opatrunek na oparzenia, bol\u0105ce stawy oraz wykwity\u00a0(mo\u017cna te\u017c przygotowa\u0107 past\u0119 z li\u015bci); olejek przygotowywany z delikatnych li\u015bci tego zio\u0142a wyr\u00f3\u017cnia si\u0119\u00a0l w\u0142a\u015bciwo\u015bciami przeciwb\u00f3lowymi [&#8230;]","protected":false},"featured_media":818,"comment_status":"open","ping_status":"closed","template":"","meta":[],"product_cat":[189],"product_tag":[250,199,236,253,252,255,194,256,198,234],"_links":{"self":[{"href":"https:\/\/sklep.bangla-deshi.eu\/en\/wp-json\/wp\/v2\/product\/817"}],"collection":[{"href":"https:\/\/sklep.bangla-deshi.eu\/en\/wp-json\/wp\/v2\/product"}],"about":[{"href":"https:\/\/sklep.bangla-deshi.eu\/en\/wp-json\/wp\/v2\/types\/product"}],"replies":[{"embeddable":true,"href":"https:\/\/sklep.bangla-deshi.eu\/en\/wp-json\/wp\/v2\/comments?post=817"}],"wp:featuredmedia":[{"embeddable":true,"href":"https:\/\/sklep.bangla-deshi.eu\/en\/wp-json\/wp\/v2\/media\/818"}],"wp:attachment":[{"href":"https:\/\/sklep.bangla-deshi.eu\/en\/wp-json\/wp\/v2\/media?parent=817"}],"wp:term":[{"taxonomy":"product_cat","embeddable":true,"href":"https:\/\/sklep.bangla-deshi.eu\/en\/wp-json\/wp\/v2\/product_cat?post=817"},{"taxonomy":"product_tag","embeddable":true,"href":"https:\/\/sklep.bangla-deshi.eu\/en\/wp-json\/wp\/v2\/product_tag?post=817"}],"curies":[{"name":"wp","href":"https:\/\/api.w.org\/{rel}","templated":true}]}}