{"id":816,"date":"2024-05-05T08:12:23","date_gmt":"2024-05-05T08:12:23","guid":{"rendered":"https:\/\/sklep.bangla-deshi.eu\/?post_type=product&#038;p=816"},"modified":"2024-07-25T07:38:38","modified_gmt":"2024-07-25T07:38:38","slug":"korola-bitter-groud-1kg","status":"publish","type":"product","link":"https:\/\/sklep.bangla-deshi.eu\/en\/product\/korola-bitter-groud-1kg\/","title":{"rendered":"Korola \/Bitter groud 1kg"},"content":{"rendered":"<p>Gorzki melon to owoc tropikalnej ro\u015bliny z rodziny dyniowatych &#8211;\u00a0<em>Momordica charantia<\/em>. Nazywany tak\u017ce (zale\u017cnie od regionu): korola, karela, balsamka og\u00f3rkowata, przep\u0119kla og\u00f3rkowata.<\/p>\n<p>Kszta\u0142tem korola przypomina og\u00f3rka, jednak jej sk\u00f3rka jest nier\u00f3wna i cz\u0119sto przykryta wypustkami. Mi\u0105\u017csz kareli jest do\u015b\u0107 cienki i otacza \u015brodek z ziarnami. Gorzki melon zbiera si\u0119, kiedy jeszcze jest zielony, w\u00f3wczas mi\u0105\u017csz nie jest jeszcze bardzo gorzki, a sk\u00f3rka na tyle cienka, aby tak\u017ce nadawa\u0142a si\u0119 do jedzenia.<\/p>\n<p>Balsamka og\u00f3rkowata u\u017cywana jest w kuchni indyjskiej, chi\u0144skiej, wietnamskiej, a tak\u017ce indonezyjskiej.<\/p>\n<p>Walory smakowe: Wyra\u017anie gorzki (aby pozby\u0107 si\u0119 niepo\u017c\u0105danego nadmiaru goryczy gorzki melon nale\u017cy zblanszowa\u0107 osolon\u0105 wod\u0105)<\/p>\n<figure id=\"attachment_814\" aria-describedby=\"caption-attachment-814\" style=\"width: 280px\" class=\"wp-caption alignnone\"><img fetchpriority=\"high\" decoding=\"async\" class=\"size-medium wp-image-814\" src=\"https:\/\/sklep.bangla-deshi.eu\/wp-content\/uploads\/2024\/05\/korola-1-280x400.webp\" alt=\"korola (1)\" width=\"280\" height=\"400\" srcset=\"https:\/\/sklep.bangla-deshi.eu\/wp-content\/uploads\/2024\/05\/korola-1-280x400.webp 280w, https:\/\/sklep.bangla-deshi.eu\/wp-content\/uploads\/2024\/05\/korola-1-560x800.webp 560w, https:\/\/sklep.bangla-deshi.eu\/wp-content\/uploads\/2024\/05\/korola-1-768x1097.webp 768w, https:\/\/sklep.bangla-deshi.eu\/wp-content\/uploads\/2024\/05\/korola-1-1075x1536.webp 1075w, https:\/\/sklep.bangla-deshi.eu\/wp-content\/uploads\/2024\/05\/korola-1-8x12.webp 8w, https:\/\/sklep.bangla-deshi.eu\/wp-content\/uploads\/2024\/05\/korola-1-600x857.webp 600w, https:\/\/sklep.bangla-deshi.eu\/wp-content\/uploads\/2024\/05\/korola-1.webp 1400w\" sizes=\"(max-width: 280px) 100vw, 280px\" \/><figcaption id=\"caption-attachment-814\" class=\"wp-caption-text\">korola (1)<\/figcaption><\/figure>","protected":false},"excerpt":{"rendered":"<p>Gorzki melon to owoc tropikalnej ro\u015bliny z rodziny dyniowatych &#8211;\u00a0Momordica charantia. Nazywany tak\u017ce (zale\u017cnie od regionu): korola, karela, balsamka og\u00f3rkowata, przep\u0119kla og\u00f3rkowata. Kszta\u0142tem korola przypomina og\u00f3rka, jednak jej sk\u00f3rka jest nier\u00f3wna i cz\u0119sto przykryta wypustkami. Mi\u0105\u017csz kareli jest do\u015b\u0107 cienki i otacza \u015brodek z ziarnami. Gorzki melon zbiera si\u0119, kiedy jeszcze jest zielony, w\u00f3wczas mi\u0105\u017csz [&#8230;]","protected":false},"featured_media":814,"comment_status":"open","ping_status":"closed","template":"","meta":[],"product_cat":[189],"product_tag":[250,258,199,236,253,252,255,194,256,257,198,234],"_links":{"self":[{"href":"https:\/\/sklep.bangla-deshi.eu\/en\/wp-json\/wp\/v2\/product\/816"}],"collection":[{"href":"https:\/\/sklep.bangla-deshi.eu\/en\/wp-json\/wp\/v2\/product"}],"about":[{"href":"https:\/\/sklep.bangla-deshi.eu\/en\/wp-json\/wp\/v2\/types\/product"}],"replies":[{"embeddable":true,"href":"https:\/\/sklep.bangla-deshi.eu\/en\/wp-json\/wp\/v2\/comments?post=816"}],"wp:featuredmedia":[{"embeddable":true,"href":"https:\/\/sklep.bangla-deshi.eu\/en\/wp-json\/wp\/v2\/media\/814"}],"wp:attachment":[{"href":"https:\/\/sklep.bangla-deshi.eu\/en\/wp-json\/wp\/v2\/media?parent=816"}],"wp:term":[{"taxonomy":"product_cat","embeddable":true,"href":"https:\/\/sklep.bangla-deshi.eu\/en\/wp-json\/wp\/v2\/product_cat?post=816"},{"taxonomy":"product_tag","embeddable":true,"href":"https:\/\/sklep.bangla-deshi.eu\/en\/wp-json\/wp\/v2\/product_tag?post=816"}],"curies":[{"name":"wp","href":"https:\/\/api.w.org\/{rel}","templated":true}]}}