{"id":811,"date":"2024-05-05T07:55:18","date_gmt":"2024-05-05T07:55:18","guid":{"rendered":"https:\/\/sklep.bangla-deshi.eu\/?post_type=product&#038;p=811"},"modified":"2024-07-25T07:39:18","modified_gmt":"2024-07-25T07:39:18","slug":"green-chili-500g","status":"publish","type":"product","link":"https:\/\/sklep.bangla-deshi.eu\/en\/product\/green-chili-500g\/","title":{"rendered":"Green chili 500g"},"content":{"rendered":"<p><b>Zielona<\/b>\u00a0papryka\u00a0<b>chili<\/b>\u00a0ma bardzo du\u017co witaminy C &#8211; 8 g papryki pozwala pokry\u0107 jej dzienne zapotrzebowanie.\u00a0<b>Chili<\/b>\u00a0dostarcza nam r\u00f3wnie\u017c witamin i minera\u0142\u00f3w, takich jak: A, B1, B2, B3, E, wap\u0144, mangan, potas, magnez i b\u0142onnik reguluj\u0105cy przemian\u0119 materii.<\/p>\n<figure id=\"attachment_810\" aria-describedby=\"caption-attachment-810\" style=\"width: 280px\" class=\"wp-caption alignnone\"><img fetchpriority=\"high\" decoding=\"async\" class=\"size-medium wp-image-810\" src=\"https:\/\/sklep.bangla-deshi.eu\/wp-content\/uploads\/2024\/05\/zdjecia-sklep-280x400.webp\" alt=\"Zdj\u0119cia sklep\" width=\"280\" height=\"400\" srcset=\"https:\/\/sklep.bangla-deshi.eu\/wp-content\/uploads\/2024\/05\/zdjecia-sklep-280x400.webp 280w, https:\/\/sklep.bangla-deshi.eu\/wp-content\/uploads\/2024\/05\/zdjecia-sklep-560x800.webp 560w, https:\/\/sklep.bangla-deshi.eu\/wp-content\/uploads\/2024\/05\/zdjecia-sklep-768x1097.webp 768w, https:\/\/sklep.bangla-deshi.eu\/wp-content\/uploads\/2024\/05\/zdjecia-sklep-1075x1536.webp 1075w, https:\/\/sklep.bangla-deshi.eu\/wp-content\/uploads\/2024\/05\/zdjecia-sklep-8x12.webp 8w, https:\/\/sklep.bangla-deshi.eu\/wp-content\/uploads\/2024\/05\/zdjecia-sklep-600x857.webp 600w, https:\/\/sklep.bangla-deshi.eu\/wp-content\/uploads\/2024\/05\/zdjecia-sklep.webp 1400w\" sizes=\"(max-width: 280px) 100vw, 280px\" \/><figcaption id=\"caption-attachment-810\" class=\"wp-caption-text\">Zdj\u0119cia sklep<\/figcaption><\/figure>","protected":false},"excerpt":{"rendered":"<p>Zielona\u00a0papryka\u00a0chili\u00a0ma bardzo du\u017co witaminy C &#8211; 8 g papryki pozwala pokry\u0107 jej dzienne zapotrzebowanie.\u00a0Chili\u00a0dostarcza nam r\u00f3wnie\u017c witamin i minera\u0142\u00f3w, takich jak: A, B1, B2, B3, E, wap\u0144, mangan, potas, magnez i b\u0142onnik reguluj\u0105cy przemian\u0119 materii.<\/p>","protected":false},"featured_media":810,"comment_status":"open","ping_status":"closed","template":"","meta":[],"product_cat":[189],"product_tag":[250,258,199,236,253,252,255,194,256,257,198,234],"_links":{"self":[{"href":"https:\/\/sklep.bangla-deshi.eu\/en\/wp-json\/wp\/v2\/product\/811"}],"collection":[{"href":"https:\/\/sklep.bangla-deshi.eu\/en\/wp-json\/wp\/v2\/product"}],"about":[{"href":"https:\/\/sklep.bangla-deshi.eu\/en\/wp-json\/wp\/v2\/types\/product"}],"replies":[{"embeddable":true,"href":"https:\/\/sklep.bangla-deshi.eu\/en\/wp-json\/wp\/v2\/comments?post=811"}],"wp:featuredmedia":[{"embeddable":true,"href":"https:\/\/sklep.bangla-deshi.eu\/en\/wp-json\/wp\/v2\/media\/810"}],"wp:attachment":[{"href":"https:\/\/sklep.bangla-deshi.eu\/en\/wp-json\/wp\/v2\/media?parent=811"}],"wp:term":[{"taxonomy":"product_cat","embeddable":true,"href":"https:\/\/sklep.bangla-deshi.eu\/en\/wp-json\/wp\/v2\/product_cat?post=811"},{"taxonomy":"product_tag","embeddable":true,"href":"https:\/\/sklep.bangla-deshi.eu\/en\/wp-json\/wp\/v2\/product_tag?post=811"}],"curies":[{"name":"wp","href":"https:\/\/api.w.org\/{rel}","templated":true}]}}