{"id":767,"date":"2024-05-04T12:08:44","date_gmt":"2024-05-04T12:08:44","guid":{"rendered":"https:\/\/sklep.bangla-deshi.eu\/?post_type=product&#038;p=767"},"modified":"2024-05-04T15:06:55","modified_gmt":"2024-05-04T15:06:55","slug":"ryz-basmati-brazowy-1kg-jivaa","status":"publish","type":"product","link":"https:\/\/sklep.bangla-deshi.eu\/en\/product\/ryz-basmati-brazowy-1kg-jivaa\/","title":{"rendered":"Ry\u017c Basmati Br\u0105zowy 1kg Jivaa"},"content":{"rendered":"<p>Produkt Indyjski. Br\u0105zowy ry\u017c basmati 1kg. Super Cena<\/p>\n<figure id=\"attachment_760\" aria-describedby=\"caption-attachment-760\" style=\"width: 280px\" class=\"wp-caption alignnone\"><img fetchpriority=\"high\" decoding=\"async\" class=\"size-medium wp-image-760\" src=\"https:\/\/sklep.bangla-deshi.eu\/wp-content\/uploads\/2024\/05\/ryz-jiva-brazowy-1kg-280x400.webp\" alt=\"ry\u017c jiva brazowy 1kg\" width=\"280\" height=\"400\" srcset=\"https:\/\/sklep.bangla-deshi.eu\/wp-content\/uploads\/2024\/05\/ryz-jiva-brazowy-1kg-280x400.webp 280w, https:\/\/sklep.bangla-deshi.eu\/wp-content\/uploads\/2024\/05\/ryz-jiva-brazowy-1kg-560x800.webp 560w, https:\/\/sklep.bangla-deshi.eu\/wp-content\/uploads\/2024\/05\/ryz-jiva-brazowy-1kg-768x1097.webp 768w, https:\/\/sklep.bangla-deshi.eu\/wp-content\/uploads\/2024\/05\/ryz-jiva-brazowy-1kg-1075x1536.webp 1075w, https:\/\/sklep.bangla-deshi.eu\/wp-content\/uploads\/2024\/05\/ryz-jiva-brazowy-1kg-8x12.webp 8w, https:\/\/sklep.bangla-deshi.eu\/wp-content\/uploads\/2024\/05\/ryz-jiva-brazowy-1kg-600x857.webp 600w, https:\/\/sklep.bangla-deshi.eu\/wp-content\/uploads\/2024\/05\/ryz-jiva-brazowy-1kg.webp 1400w\" sizes=\"(max-width: 280px) 100vw, 280px\" \/><figcaption id=\"caption-attachment-760\" class=\"wp-caption-text\">ry\u017c jiva brazowy 1kg<\/figcaption><\/figure>","protected":false},"excerpt":{"rendered":"<figure id=\"attachment_760\" aria-describedby=\"caption-attachment-760\" style=\"width: 280px\" class=\"wp-caption alignnone\"><img fetchpriority=\"high\" decoding=\"async\" class=\"size-medium wp-image-760\" src=\"https:\/\/sklep.bangla-deshi.eu\/wp-content\/uploads\/2024\/05\/ryz-jiva-brazowy-1kg-280x400.webp\" alt=\"ry\u017c jiva brazowy 1kg\" width=\"280\" height=\"400\" srcset=\"https:\/\/sklep.bangla-deshi.eu\/wp-content\/uploads\/2024\/05\/ryz-jiva-brazowy-1kg-280x400.webp 280w, https:\/\/sklep.bangla-deshi.eu\/wp-content\/uploads\/2024\/05\/ryz-jiva-brazowy-1kg-560x800.webp 560w, https:\/\/sklep.bangla-deshi.eu\/wp-content\/uploads\/2024\/05\/ryz-jiva-brazowy-1kg-768x1097.webp 768w, https:\/\/sklep.bangla-deshi.eu\/wp-content\/uploads\/2024\/05\/ryz-jiva-brazowy-1kg-1075x1536.webp 1075w, https:\/\/sklep.bangla-deshi.eu\/wp-content\/uploads\/2024\/05\/ryz-jiva-brazowy-1kg-8x12.webp 8w, https:\/\/sklep.bangla-deshi.eu\/wp-content\/uploads\/2024\/05\/ryz-jiva-brazowy-1kg-600x857.webp 600w, https:\/\/sklep.bangla-deshi.eu\/wp-content\/uploads\/2024\/05\/ryz-jiva-brazowy-1kg.webp 1400w\" sizes=\"(max-width: 280px) 100vw, 280px\" \/><figcaption id=\"caption-attachment-760\" class=\"wp-caption-text\">ry\u017c jiva brazowy 1kg<\/figcaption><\/figure>","protected":false},"featured_media":760,"comment_status":"open","ping_status":"closed","template":"","meta":[],"product_cat":[69,70,75],"product_tag":[],"_links":{"self":[{"href":"https:\/\/sklep.bangla-deshi.eu\/en\/wp-json\/wp\/v2\/product\/767"}],"collection":[{"href":"https:\/\/sklep.bangla-deshi.eu\/en\/wp-json\/wp\/v2\/product"}],"about":[{"href":"https:\/\/sklep.bangla-deshi.eu\/en\/wp-json\/wp\/v2\/types\/product"}],"replies":[{"embeddable":true,"href":"https:\/\/sklep.bangla-deshi.eu\/en\/wp-json\/wp\/v2\/comments?post=767"}],"wp:featuredmedia":[{"embeddable":true,"href":"https:\/\/sklep.bangla-deshi.eu\/en\/wp-json\/wp\/v2\/media\/760"}],"wp:attachment":[{"href":"https:\/\/sklep.bangla-deshi.eu\/en\/wp-json\/wp\/v2\/media?parent=767"}],"wp:term":[{"taxonomy":"product_cat","embeddable":true,"href":"https:\/\/sklep.bangla-deshi.eu\/en\/wp-json\/wp\/v2\/product_cat?post=767"},{"taxonomy":"product_tag","embeddable":true,"href":"https:\/\/sklep.bangla-deshi.eu\/en\/wp-json\/wp\/v2\/product_tag?post=767"}],"curies":[{"name":"wp","href":"https:\/\/api.w.org\/{rel}","templated":true}]}}