{"id":1383,"date":"2024-07-04T11:44:05","date_gmt":"2024-07-04T11:44:05","guid":{"rendered":"https:\/\/sklep.bangla-deshi.eu\/?post_type=product&#038;p=1383"},"modified":"2025-05-28T09:31:18","modified_gmt":"2025-05-28T09:31:18","slug":"maka-ryzowa-500g","status":"publish","type":"product","link":"https:\/\/sklep.bangla-deshi.eu\/en\/product\/maka-ryzowa-500g\/","title":{"rendered":"M\u0105ka ryzowa 500g"},"content":{"rendered":"<p>M\u0105ka ryzowa 500g.<\/p>\n<p>M\u0105ka ry\u017cowa \u2013 m\u0105ka wytwarzana z drobno zmielonych ziaren ry\u017cu. Wytwarza si\u0119 z niej np. makaron ry\u017cowy, kluski, ciasta, ciastka, placki, nale\u015bniki, bliny oraz u\u017cywa do zag\u0119szczania kisieli, zup, sos\u00f3w. Jest istotnym sk\u0142adnikiem kuchni japo\u0144skiej i innych kraj\u00f3w azjatyckich<\/p>","protected":false},"excerpt":{"rendered":"<p>M\u0105ka ryzowa 500g. M\u0105ka ry\u017cowa \u2013 m\u0105ka wytwarzana z drobno zmielonych ziaren ry\u017cu. Wytwarza si\u0119 z niej np. makaron ry\u017cowy, kluski, ciasta, ciastka, placki, nale\u015bniki, bliny oraz u\u017cywa do zag\u0119szczania kisieli, zup, sos\u00f3w. Jest istotnym sk\u0142adnikiem kuchni japo\u0144skiej i innych kraj\u00f3w azjatyckich<\/p>","protected":false},"featured_media":1384,"comment_status":"open","ping_status":"closed","template":"","meta":[],"product_cat":[246],"product_tag":[243,235,241,199,247,248],"_links":{"self":[{"href":"https:\/\/sklep.bangla-deshi.eu\/en\/wp-json\/wp\/v2\/product\/1383"}],"collection":[{"href":"https:\/\/sklep.bangla-deshi.eu\/en\/wp-json\/wp\/v2\/product"}],"about":[{"href":"https:\/\/sklep.bangla-deshi.eu\/en\/wp-json\/wp\/v2\/types\/product"}],"replies":[{"embeddable":true,"href":"https:\/\/sklep.bangla-deshi.eu\/en\/wp-json\/wp\/v2\/comments?post=1383"}],"wp:featuredmedia":[{"embeddable":true,"href":"https:\/\/sklep.bangla-deshi.eu\/en\/wp-json\/wp\/v2\/media\/1384"}],"wp:attachment":[{"href":"https:\/\/sklep.bangla-deshi.eu\/en\/wp-json\/wp\/v2\/media?parent=1383"}],"wp:term":[{"taxonomy":"product_cat","embeddable":true,"href":"https:\/\/sklep.bangla-deshi.eu\/en\/wp-json\/wp\/v2\/product_cat?post=1383"},{"taxonomy":"product_tag","embeddable":true,"href":"https:\/\/sklep.bangla-deshi.eu\/en\/wp-json\/wp\/v2\/product_tag?post=1383"}],"curies":[{"name":"wp","href":"https:\/\/api.w.org\/{rel}","templated":true}]}}