{"id":1379,"date":"2024-07-04T11:19:26","date_gmt":"2024-07-04T11:19:26","guid":{"rendered":"https:\/\/sklep.bangla-deshi.eu\/?post_type=product&#038;p=1379"},"modified":"2025-10-07T23:42:48","modified_gmt":"2025-10-07T23:42:48","slug":"ryz-basmati-premium-extra-long-1121-gold-khushboo","status":"publish","type":"product","link":"https:\/\/sklep.bangla-deshi.eu\/en\/product\/ryz-basmati-premium-extra-long-1121-gold-khushboo\/","title":{"rendered":"Ry\u017c basmati Premium Extra Long 1121- Gold &#8211; Khushboo"},"content":{"rendered":"<p>Ry\u017c basmati KHUSHBOO \u2013\u00a0posiada naturalny, rozp\u0142ywaj\u0105cy si\u0119 w ustach smak i aromat.\u00a0Aromatyczne d\u0142ugie ziarno ry\u017cu o \u017cywym, bogatym i charakterystycznym orzechowym posmaku. Ceniony jest za sypko\u015b\u0107 i brak klejenia si\u0119, nawet mimo d\u0142u\u017cszego gotowania.<\/p>\n<p>&nbsp;<\/p>","protected":false},"excerpt":{"rendered":"<p>Ry\u017c basmati KHUSHBOO \u2013\u00a0posiada naturalny, rozp\u0142ywaj\u0105cy si\u0119 w ustach smak i aromat.\u00a0Aromatyczne d\u0142ugie ziarno ry\u017cu o \u017cywym, bogatym i charakterystycznym orzechowym posmaku. Ceniony jest za sypko\u015b\u0107 i brak klejenia si\u0119, nawet mimo d\u0142u\u017cszego gotowania. &nbsp;<\/p>","protected":false},"featured_media":1380,"comment_status":"open","ping_status":"closed","template":"","meta":[],"product_cat":[69,70],"product_tag":[243,235,240,199,194,244,210,238],"_links":{"self":[{"href":"https:\/\/sklep.bangla-deshi.eu\/en\/wp-json\/wp\/v2\/product\/1379"}],"collection":[{"href":"https:\/\/sklep.bangla-deshi.eu\/en\/wp-json\/wp\/v2\/product"}],"about":[{"href":"https:\/\/sklep.bangla-deshi.eu\/en\/wp-json\/wp\/v2\/types\/product"}],"replies":[{"embeddable":true,"href":"https:\/\/sklep.bangla-deshi.eu\/en\/wp-json\/wp\/v2\/comments?post=1379"}],"wp:featuredmedia":[{"embeddable":true,"href":"https:\/\/sklep.bangla-deshi.eu\/en\/wp-json\/wp\/v2\/media\/1380"}],"wp:attachment":[{"href":"https:\/\/sklep.bangla-deshi.eu\/en\/wp-json\/wp\/v2\/media?parent=1379"}],"wp:term":[{"taxonomy":"product_cat","embeddable":true,"href":"https:\/\/sklep.bangla-deshi.eu\/en\/wp-json\/wp\/v2\/product_cat?post=1379"},{"taxonomy":"product_tag","embeddable":true,"href":"https:\/\/sklep.bangla-deshi.eu\/en\/wp-json\/wp\/v2\/product_tag?post=1379"}],"curies":[{"name":"wp","href":"https:\/\/api.w.org\/{rel}","templated":true}]}}