{"id":1373,"date":"2024-07-04T10:45:12","date_gmt":"2024-07-04T10:45:12","guid":{"rendered":"https:\/\/sklep.bangla-deshi.eu\/?post_type=product&#038;p=1373"},"modified":"2026-04-28T16:54:39","modified_gmt":"2026-04-28T16:54:39","slug":"ryz-basmati-premium-xxl-1121-jivaa-5kg","status":"publish","type":"product","link":"https:\/\/sklep.bangla-deshi.eu\/en\/product\/ryz-basmati-premium-xxl-1121-jivaa-5kg\/","title":{"rendered":"Ry\u017c basmati PREMIUM XXL 1121 Jivaa 5kg"},"content":{"rendered":"<p>Producent wy\u015bmienitego r\u00f3\u017cnorodnego ry\u017cu, kt\u00f3ry zaspokoi Tw\u00f3j apetyt np. w indyjskich daniach takich jak biriyani i pulao. Wszystkie produkty Jivaa s\u0105 wytwarzane z najlepszego ry\u017cu wysokiej jako\u015bci o tradycyjnym smaku.<\/p>\n<p>Aromatyczne d\u0142ugie ziarno ry\u017cu o \u017cywym, bogatym i charakterystycznym orzechowym posmaku. Ceniony jest za sypko\u015b\u0107 i brak klejenia si\u0119, nawet mimo d\u0142u\u017cszego gotowania. Odmiana ta pochodzi z ry\u017cu dojrzewaj\u0105cego przez 12 miesi\u0119cy.<\/p>\n<p>Ry\u017c Basmati JIVAA jest przygotowywany, przetwarzany i pakowany w bardzo higienicznych warunkach, aby zapewni\u0107 lepsz\u0105 jako\u015b\u0107 i autentyczny smak.<\/p>","protected":false},"excerpt":{"rendered":"<p>Producent wy\u015bmienitego r\u00f3\u017cnorodnego ry\u017cu, kt\u00f3ry zaspokoi Tw\u00f3j apetyt np. w indyjskich daniach takich jak biriyani i pulao. Wszystkie produkty Jivaa s\u0105 wytwarzane z najlepszego ry\u017cu wysokiej jako\u015bci o tradycyjnym smaku. Aromatyczne d\u0142ugie ziarno ry\u017cu o \u017cywym, bogatym i charakterystycznym orzechowym posmaku. Ceniony jest za sypko\u015b\u0107 i brak klejenia si\u0119, nawet mimo d\u0142u\u017cszego gotowania. Odmiana ta [&#8230;]","protected":false},"featured_media":1374,"comment_status":"open","ping_status":"closed","template":"","meta":[],"product_cat":[69,70],"product_tag":[196,241,240,199,205,194,210],"_links":{"self":[{"href":"https:\/\/sklep.bangla-deshi.eu\/en\/wp-json\/wp\/v2\/product\/1373"}],"collection":[{"href":"https:\/\/sklep.bangla-deshi.eu\/en\/wp-json\/wp\/v2\/product"}],"about":[{"href":"https:\/\/sklep.bangla-deshi.eu\/en\/wp-json\/wp\/v2\/types\/product"}],"replies":[{"embeddable":true,"href":"https:\/\/sklep.bangla-deshi.eu\/en\/wp-json\/wp\/v2\/comments?post=1373"}],"wp:featuredmedia":[{"embeddable":true,"href":"https:\/\/sklep.bangla-deshi.eu\/en\/wp-json\/wp\/v2\/media\/1374"}],"wp:attachment":[{"href":"https:\/\/sklep.bangla-deshi.eu\/en\/wp-json\/wp\/v2\/media?parent=1373"}],"wp:term":[{"taxonomy":"product_cat","embeddable":true,"href":"https:\/\/sklep.bangla-deshi.eu\/en\/wp-json\/wp\/v2\/product_cat?post=1373"},{"taxonomy":"product_tag","embeddable":true,"href":"https:\/\/sklep.bangla-deshi.eu\/en\/wp-json\/wp\/v2\/product_tag?post=1373"}],"curies":[{"name":"wp","href":"https:\/\/api.w.org\/{rel}","templated":true}]}}