{"id":1363,"date":"2024-07-02T10:07:41","date_gmt":"2024-07-02T10:07:41","guid":{"rendered":"https:\/\/sklep.bangla-deshi.eu\/?post_type=product&#038;p=1363"},"modified":"2024-08-29T17:28:47","modified_gmt":"2024-08-29T17:28:47","slug":"tamaryndowiec-450g","status":"publish","type":"product","link":"https:\/\/sklep.bangla-deshi.eu\/en\/product\/tamaryndowiec-450g\/","title":{"rendered":"Tamaryndowiec &#8211; 450g"},"content":{"rendered":"<p>Tamaryndowiec jest w smaku s\u0142odko-kwa\u015bny, a dodanie go do potrawy sprawia, \u017ce danie nabiera lekko pikantnego i orze\u017awiaj\u0105cego smaku charakterystycznego dla kuchni indyjskiej. Smak tamaryndowca mo\u017ce przypomina\u0107 nieco smak imbiru \u2013 jest to po\u0142\u0105czenie r\u00f3\u017cnych nut smakowych.<\/p>\n<p>Jak wygl\u0105da tamaryndowiec? Owoc przypomina du\u017cego fistaszka, a br\u0105zowa \u0142upina w kszta\u0142cie banana skrywa aromatyczny mi\u0105\u017csz. Tamaryndowca mo\u017cna je\u015b\u0107 na surowo lub rozpuszcza\u0107 w wodzie czy mleku i pi\u0107. Tamaryndowiec jest polecany nie tylko do zup, ale te\u017c do da\u0144 jednogarnkowych kuchni indyjskiej, np. do curry, oraz jako sk\u0142adnik marynaty do grilla lub baza wegetaria\u0144skiej pasty przypominaj\u0105cej hummus.<\/p>\n<p>&nbsp;<\/p>\n<figure id=\"attachment_1364\" aria-describedby=\"caption-attachment-1364\" style=\"width: 533px\" class=\"wp-caption alignnone\"><img fetchpriority=\"high\" decoding=\"async\" class=\"size-medium wp-image-1364\" src=\"https:\/\/sklep.bangla-deshi.eu\/wp-content\/uploads\/2024\/07\/whatsapp-image-2024-07-02-at-10-38-03-533x400.webp\" alt=\"WhatsApp Image 2024-07-02 at 10.38.03\" width=\"533\" height=\"400\" srcset=\"https:\/\/sklep.bangla-deshi.eu\/wp-content\/uploads\/2024\/07\/whatsapp-image-2024-07-02-at-10-38-03-533x400.webp 533w, https:\/\/sklep.bangla-deshi.eu\/wp-content\/uploads\/2024\/07\/whatsapp-image-2024-07-02-at-10-38-03-1067x800.webp 1067w, https:\/\/sklep.bangla-deshi.eu\/wp-content\/uploads\/2024\/07\/whatsapp-image-2024-07-02-at-10-38-03-768x576.webp 768w, https:\/\/sklep.bangla-deshi.eu\/wp-content\/uploads\/2024\/07\/whatsapp-image-2024-07-02-at-10-38-03-1536x1152.webp 1536w, https:\/\/sklep.bangla-deshi.eu\/wp-content\/uploads\/2024\/07\/whatsapp-image-2024-07-02-at-10-38-03-16x12.webp 16w, https:\/\/sklep.bangla-deshi.eu\/wp-content\/uploads\/2024\/07\/whatsapp-image-2024-07-02-at-10-38-03-600x450.webp 600w, https:\/\/sklep.bangla-deshi.eu\/wp-content\/uploads\/2024\/07\/whatsapp-image-2024-07-02-at-10-38-03.webp 1600w\" sizes=\"(max-width: 533px) 100vw, 533px\" \/><figcaption id=\"caption-attachment-1364\" class=\"wp-caption-text\">WhatsApp Image 2024-07-02 at 10.38.03<\/figcaption><\/figure>","protected":false},"excerpt":{"rendered":"<p>Tamaryndowiec jest w smaku s\u0142odko-kwa\u015bny, a dodanie go do potrawy sprawia, \u017ce danie nabiera lekko pikantnego i orze\u017awiaj\u0105cego smaku charakterystycznego dla kuchni indyjskiej. Smak tamaryndowca mo\u017ce przypomina\u0107 nieco smak imbiru \u2013 jest to po\u0142\u0105czenie r\u00f3\u017cnych nut smakowych. Jak wygl\u0105da tamaryndowiec? Owoc przypomina du\u017cego fistaszka, a br\u0105zowa \u0142upina w kszta\u0142cie banana skrywa aromatyczny mi\u0105\u017csz. Tamaryndowca mo\u017cna [&#8230;]","protected":false},"featured_media":1364,"comment_status":"open","ping_status":"closed","template":"","meta":[],"product_cat":[226],"product_tag":[196,199,194,195,237,238],"_links":{"self":[{"href":"https:\/\/sklep.bangla-deshi.eu\/en\/wp-json\/wp\/v2\/product\/1363"}],"collection":[{"href":"https:\/\/sklep.bangla-deshi.eu\/en\/wp-json\/wp\/v2\/product"}],"about":[{"href":"https:\/\/sklep.bangla-deshi.eu\/en\/wp-json\/wp\/v2\/types\/product"}],"replies":[{"embeddable":true,"href":"https:\/\/sklep.bangla-deshi.eu\/en\/wp-json\/wp\/v2\/comments?post=1363"}],"wp:featuredmedia":[{"embeddable":true,"href":"https:\/\/sklep.bangla-deshi.eu\/en\/wp-json\/wp\/v2\/media\/1364"}],"wp:attachment":[{"href":"https:\/\/sklep.bangla-deshi.eu\/en\/wp-json\/wp\/v2\/media?parent=1363"}],"wp:term":[{"taxonomy":"product_cat","embeddable":true,"href":"https:\/\/sklep.bangla-deshi.eu\/en\/wp-json\/wp\/v2\/product_cat?post=1363"},{"taxonomy":"product_tag","embeddable":true,"href":"https:\/\/sklep.bangla-deshi.eu\/en\/wp-json\/wp\/v2\/product_tag?post=1363"}],"curies":[{"name":"wp","href":"https:\/\/api.w.org\/{rel}","templated":true}]}}