{"id":1187,"date":"2024-07-04T12:09:58","date_gmt":"2024-07-04T12:09:58","guid":{"rendered":"https:\/\/sklep.bangla-deshi.eu\/?post_type=product&#038;p=1187"},"modified":"2024-07-04T12:09:58","modified_gmt":"2024-07-04T12:09:58","slug":"trs-czarnuszka-100g","status":"publish","type":"product","link":"https:\/\/sklep.bangla-deshi.eu\/en\/product\/trs-czarnuszka-100g\/","title":{"rendered":"TRS Czarnuszka 100g"},"content":{"rendered":"<p>Nasiona czarnuszki zawieraj\u0105 bogactwo sk\u0142adnik\u00f3w od\u017cywczych i aktywnych, przede wszystkim wap\u0144, \u017celazo, cynk, olejki eteryczne, sterole ro\u015blinne, tokoferole oraz polifenole.<br \/>\nNajwa\u017cniejszym sk\u0142adnikiem aktywnym czarnuszki jest tymochinon. Odpowiada on za wi\u0119kszo\u015b\u0107 w\u0142a\u015bciwo\u015bci prozdrowotnych czarnuszki.<br \/>\nPreparaty z czarnuszki przyczyniaj\u0105 si\u0119 do obni\u017cenia ci\u015bnienia krwi, spadku poziomu glukozy oraz poprawy parametr\u00f3w profilu lipidowego.<br \/>\nCzarnuszka dzia\u0142a przeciwzapalnie i przeciwnowotworowo.<br \/>\nCzarnuszka wspiera utrat\u0119 masy cia\u0142a.<br \/>\nSk\u0142adniki aktywne czarnuszki wspomagaj\u0105 prac\u0119 m\u00f3zgu i mog\u0105 by\u0107 wykorzystane w leczeniu chor\u00f3b neurodegeneracyjnych (m.in. choroba Alzheimera i Parkinsona).<br \/>\nCzarnuszka mo\u017ce wspiera\u0107 leczenie astmy i depresji.<br \/>\nCzarnuszka wykazuje dzia\u0142anie przeciwbakteryjne, przeciwwirusowe i przeciwgrzybicze.<br \/>\nCzarnuszka spo\u017cywana w zalecanych ilo\u015bciach jest produktem bezpiecznym i nie wi\u0105\u017ce si\u0119 z wyst\u0105pieniem dzia\u0142a\u0144 niepo\u017c\u0105danych.<br \/>\nKobiety w ci\u0105\u017cy powinny szczeg\u00f3lnie uwa\u017ca\u0107 na przyjmowanie nadmiernych ilo\u015bci czarnuszki i otrzymywanych z niej preparat\u00f3w, poniewa\u017c mog\u0105 one hamowa\u0107 skurcze macicy.<\/p>","protected":false},"excerpt":{"rendered":"<p>Nasiona czarnuszki zawieraj\u0105 bogactwo sk\u0142adnik\u00f3w od\u017cywczych i aktywnych, przede wszystkim wap\u0144, \u017celazo, cynk, olejki eteryczne, sterole ro\u015blinne, tokoferole oraz polifenole. Najwa\u017cniejszym sk\u0142adnikiem aktywnym czarnuszki jest tymochinon. Odpowiada on za wi\u0119kszo\u015b\u0107 w\u0142a\u015bciwo\u015bci prozdrowotnych czarnuszki. Preparaty z czarnuszki przyczyniaj\u0105 si\u0119 do obni\u017cenia ci\u015bnienia krwi, spadku poziomu glukozy oraz poprawy parametr\u00f3w profilu lipidowego. Czarnuszka dzia\u0142a przeciwzapalnie i przeciwnowotworowo. [&#8230;]","protected":false},"featured_media":1188,"comment_status":"open","ping_status":"closed","template":"","meta":[],"product_cat":[80],"product_tag":[],"_links":{"self":[{"href":"https:\/\/sklep.bangla-deshi.eu\/en\/wp-json\/wp\/v2\/product\/1187"}],"collection":[{"href":"https:\/\/sklep.bangla-deshi.eu\/en\/wp-json\/wp\/v2\/product"}],"about":[{"href":"https:\/\/sklep.bangla-deshi.eu\/en\/wp-json\/wp\/v2\/types\/product"}],"replies":[{"embeddable":true,"href":"https:\/\/sklep.bangla-deshi.eu\/en\/wp-json\/wp\/v2\/comments?post=1187"}],"wp:featuredmedia":[{"embeddable":true,"href":"https:\/\/sklep.bangla-deshi.eu\/en\/wp-json\/wp\/v2\/media\/1188"}],"wp:attachment":[{"href":"https:\/\/sklep.bangla-deshi.eu\/en\/wp-json\/wp\/v2\/media?parent=1187"}],"wp:term":[{"taxonomy":"product_cat","embeddable":true,"href":"https:\/\/sklep.bangla-deshi.eu\/en\/wp-json\/wp\/v2\/product_cat?post=1187"},{"taxonomy":"product_tag","embeddable":true,"href":"https:\/\/sklep.bangla-deshi.eu\/en\/wp-json\/wp\/v2\/product_tag?post=1187"}],"curies":[{"name":"wp","href":"https:\/\/api.w.org\/{rel}","templated":true}]}}