{"id":1173,"date":"2024-07-04T12:13:23","date_gmt":"2024-07-04T12:13:23","guid":{"rendered":"https:\/\/sklep.bangla-deshi.eu\/?post_type=product&#038;p=1173"},"modified":"2024-07-04T12:13:23","modified_gmt":"2024-07-04T12:13:23","slug":"trs-koper-wloski","status":"publish","type":"product","link":"https:\/\/sklep.bangla-deshi.eu\/en\/product\/trs-koper-wloski\/","title":{"rendered":"TRS Koper W\u0142oski"},"content":{"rendered":"<p>Koper w\u0142oski posiada w\u0142a\u015bciwo\u015bci, kt\u00f3re warto zna\u0107, je\u015bli interesuje nas medycyna bazuj\u0105ca na naturalnych sk\u0142adnikach. Jego owoc zawiera olejki eteryczne, w kt\u00f3rych znajduj\u0105 si\u0119 dwa wa\u017cne zwi\u0105zki chemiczne: fenchon i anetol. Zapewniaj\u0105 one charakterystyczne dzia\u0142anie, jak i s\u0105 \u017ar\u00f3d\u0142em specyficznego zapachu. Aby otrzyma\u0107 olejek eteryczny z owoc\u00f3w kopru w\u0142oskiego, poddaje si\u0119 je suszeniu, a nast\u0119pnie ekstrakcji.<\/p>\n<p>Preparaty na bazie kopru w\u0142oskiego dost\u0119pne s\u0105 w r\u00f3\u017cnych formach: kropelek,, dra\u017cetek, granulat\u00f3w i herbat.<\/p>","protected":false},"excerpt":{"rendered":"<p>Koper w\u0142oski posiada w\u0142a\u015bciwo\u015bci, kt\u00f3re warto zna\u0107, je\u015bli interesuje nas medycyna bazuj\u0105ca na naturalnych sk\u0142adnikach. Jego owoc zawiera olejki eteryczne, w kt\u00f3rych znajduj\u0105 si\u0119 dwa wa\u017cne zwi\u0105zki chemiczne: fenchon i anetol. Zapewniaj\u0105 one charakterystyczne dzia\u0142anie, jak i s\u0105 \u017ar\u00f3d\u0142em specyficznego zapachu. Aby otrzyma\u0107 olejek eteryczny z owoc\u00f3w kopru w\u0142oskiego, poddaje si\u0119 je suszeniu, a nast\u0119pnie [&#8230;]","protected":false},"featured_media":1174,"comment_status":"open","ping_status":"closed","template":"","meta":[],"product_cat":[80],"product_tag":[],"_links":{"self":[{"href":"https:\/\/sklep.bangla-deshi.eu\/en\/wp-json\/wp\/v2\/product\/1173"}],"collection":[{"href":"https:\/\/sklep.bangla-deshi.eu\/en\/wp-json\/wp\/v2\/product"}],"about":[{"href":"https:\/\/sklep.bangla-deshi.eu\/en\/wp-json\/wp\/v2\/types\/product"}],"replies":[{"embeddable":true,"href":"https:\/\/sklep.bangla-deshi.eu\/en\/wp-json\/wp\/v2\/comments?post=1173"}],"wp:featuredmedia":[{"embeddable":true,"href":"https:\/\/sklep.bangla-deshi.eu\/en\/wp-json\/wp\/v2\/media\/1174"}],"wp:attachment":[{"href":"https:\/\/sklep.bangla-deshi.eu\/en\/wp-json\/wp\/v2\/media?parent=1173"}],"wp:term":[{"taxonomy":"product_cat","embeddable":true,"href":"https:\/\/sklep.bangla-deshi.eu\/en\/wp-json\/wp\/v2\/product_cat?post=1173"},{"taxonomy":"product_tag","embeddable":true,"href":"https:\/\/sklep.bangla-deshi.eu\/en\/wp-json\/wp\/v2\/product_tag?post=1173"}],"curies":[{"name":"wp","href":"https:\/\/api.w.org\/{rel}","templated":true}]}}